{"id":5301,"date":"2026-02-25T14:44:25","date_gmt":"2026-02-25T13:44:25","guid":{"rendered":"https:\/\/digitalia.valgrai.eu\/?page_id=5301"},"modified":"2026-02-26T08:37:32","modified_gmt":"2026-02-26T07:37:32","slug":"webinars","status":"publish","type":"page","link":"https:\/\/digitalia.valgrai.eu\/val\/webinars\/","title":{"rendered":"Webinars"},"content":{"rendered":"\t\t<div data-elementor-type=\"wp-page\" data-elementor-id=\"5301\" class=\"elementor elementor-5301\" data-elementor-post-type=\"page\">\n\t\t\t\t<div class=\"elementor-element elementor-element-9903958 e-flex e-con-boxed e-con e-parent\" data-id=\"9903958\" data-element_type=\"container\" data-e-type=\"container\" data-settings=\"{&quot;background_background&quot;:&quot;classic&quot;}\">\n\t\t\t\t\t<div class=\"e-con-inner\">\n\t\t<div class=\"elementor-element elementor-element-3fe31b6 e-con-full e-flex e-con e-child\" data-id=\"3fe31b6\" data-element_type=\"container\" data-e-type=\"container\" data-settings=\"{&quot;background_background&quot;:&quot;classic&quot;}\">\n\t\t<div class=\"elementor-element elementor-element-93bc917 e-con-full e-flex e-con e-child\" data-id=\"93bc917\" data-element_type=\"container\" data-e-type=\"container\">\n\t\t\t\t<div class=\"elementor-element elementor-element-5eafa28 titulo-que-es elementor-widget__width-initial elementor-widget elementor-widget-heading\" data-id=\"5eafa28\" data-element_type=\"widget\" data-e-type=\"widget\" data-widget_type=\"heading.default\">\n\t\t\t\t<div class=\"elementor-widget-container\">\n\t\t\t\t\t<h2 class=\"elementor-heading-title elementor-size-default\">Webinars<\/h2>\t\t\t\t<\/div>\n\t\t\t\t<\/div>\n\t\t\t\t<\/div>\n\t\t<div class=\"elementor-element elementor-element-1cee0c0 e-con-full e-flex e-con e-child\" data-id=\"1cee0c0\" data-element_type=\"container\" data-e-type=\"container\">\n\t\t<div class=\"elementor-element elementor-element-23b639e e-con-full e-flex e-con e-child\" data-id=\"23b639e\" data-element_type=\"container\" data-e-type=\"container\">\n\t\t<a class=\"elementor-element elementor-element-dba5153 e-con-full th-curso e-flex e-con e-child\" data-id=\"dba5153\" data-element_type=\"container\" data-e-type=\"container\" data-settings=\"{&quot;background_background&quot;:&quot;classic&quot;}\" href=\"https:\/\/digitalia.valgrai.eu\/val\/webinars\/\">\n\t\t\t\t<div class=\"elementor-element elementor-element-0280a2d elementor-position-inline-start elementor-mobile-position-inline-start elementor-widget-mobile__width-auto elementor-view-default elementor-widget elementor-widget-icon-box\" data-id=\"0280a2d\" data-element_type=\"widget\" data-e-type=\"widget\" data-widget_type=\"icon-box.default\">\n\t\t\t\t<div class=\"elementor-widget-container\">\n\t\t\t\t\t\t\t<div class=\"elementor-icon-box-wrapper\">\n\n\t\t\t\t\t\t<div class=\"elementor-icon-box-icon\">\n\t\t\t\t<span  class=\"elementor-icon\">\n\t\t\t\t<svg xmlns=\"http:\/\/www.w3.org\/2000\/svg\" width=\"18.308\" height=\"18.307\" viewBox=\"0 0 18.308 18.307\"><g id=\"Grupo_318\" data-name=\"Grupo 318\" transform=\"translate(-304.762 -2762.846)\"><path id=\"Trazado_196\" data-name=\"Trazado 196\" d=\"M8.869,17.807a8.9,8.9,0,1,1,8.94-8.926,8.9,8.9,0,0,1-8.94,8.926M8.944.9a8.014,8.014,0,1,0,7.985,8A8.041,8.041,0,0,0,8.944.9\" transform=\"translate(305.012 2763.096)\" fill=\"#fff\" stroke=\"#fff\" stroke-width=\"0.5\"><\/path><path id=\"Trazado_197\" data-name=\"Trazado 197\" d=\"M180.147,71.134c0,.745.013,1.49-.006,2.234a.835.835,0,0,0,.285.674c.679.657,1.343,1.329,2.011,2,.341.342.385.585.156.8s-.443.168-.771-.158c-.773-.766-1.538-1.539-2.314-2.3a.844.844,0,0,1-.272-.646c.005-1.633,0-3.265.012-4.9a.852.852,0,0,1,.209-.521.429.429,0,0,1,.42-.031.656.656,0,0,1,.257.442c.027.715.012,1.432.013,2.148q0,.129,0,.258\" transform=\"translate(134.224 2698.067)\" fill=\"#fff\" stroke=\"#fff\" stroke-width=\"0.5\"><\/path><\/g><\/svg>\t\t\t\t<\/span>\n\t\t\t<\/div>\n\t\t\t\n\t\t\t\t\t\t<div class=\"elementor-icon-box-content\">\n\n\t\t\t\t\t\t\t\t\t<span class=\"elementor-icon-box-title\">\n\t\t\t\t\t\t<span  >\n\t\t\t\t\t\t\t7,5\t\t\t\t\t\t<\/span>\n\t\t\t\t\t<\/span>\n\t\t\t\t\n\t\t\t\t\n\t\t\t<\/div>\n\t\t\t\n\t\t<\/div>\n\t\t\t\t\t\t<\/div>\n\t\t\t\t<\/div>\n\t\t\t\t<\/a>\n\t\t<div class=\"elementor-element elementor-element-a898e81 e-con-full e-flex e-con e-child\" data-id=\"a898e81\" data-element_type=\"container\" data-e-type=\"container\" data-settings=\"{&quot;background_background&quot;:&quot;classic&quot;}\">\n\t\t\t\t<div class=\"elementor-element elementor-element-4ad530f titulo-curso-grid elementor-widget elementor-widget-heading\" data-id=\"4ad530f\" data-element_type=\"widget\" data-e-type=\"widget\" data-widget_type=\"heading.default\">\n\t\t\t\t<div class=\"elementor-widget-container\">\n\t\t\t\t\t<h2 class=\"elementor-heading-title elementor-size-default\">Digital-IA Fest<\/h2>\t\t\t\t<\/div>\n\t\t\t\t<\/div>\n\t\t\t\t<div class=\"elementor-element elementor-element-18b63e6 elementor-widget elementor-widget-text-editor\" data-id=\"18b63e6\" data-element_type=\"widget\" data-e-type=\"widget\" data-widget_type=\"text-editor.default\">\n\t\t\t\t<div class=\"elementor-widget-container\">\n\t\t\t\t\t\t\t\t\t<p>Una jornada formativa en l\u00ednia en directe per a explorar la intel\u00b7lig\u00e8ncia artificial des de la pr\u00e0ctica, la creativitat i la mirada cr\u00edtica&#8230;<\/p>\t\t\t\t\t\t\t\t<\/div>\n\t\t\t\t<\/div>\n\t\t\t\t<div class=\"elementor-element elementor-element-00c890a elementor-align-right mt-auto mas-info elementor-widget elementor-widget-button\" data-id=\"00c890a\" data-element_type=\"widget\" data-e-type=\"widget\" data-widget_type=\"button.default\">\n\t\t\t\t<div class=\"elementor-widget-container\">\n\t\t\t\t\t\t\t\t\t<div class=\"elementor-button-wrapper\">\n\t\t\t\t\t<a class=\"elementor-button elementor-button-link elementor-size-sm elementor-animation-float\" href=\"https:\/\/digitalia.valgrai.eu\/val\/webinars\/\">\n\t\t\t\t\t\t<span class=\"elementor-button-content-wrapper\">\n\t\t\t\t\t\t<span class=\"elementor-button-icon\">\n\t\t\t\t<svg xmlns=\"http:\/\/www.w3.org\/2000\/svg\" xmlns:xlink=\"http:\/\/www.w3.org\/1999\/xlink\" width=\"28.469\" height=\"13.031\" viewBox=\"0 0 28.469 13.031\"><defs><clipPath id=\"clip-path\"><rect id=\"Rect&#xE1;ngulo_314\" data-name=\"Rect&#xE1;ngulo 314\" width=\"28.469\" height=\"13.031\" fill=\"none\"><\/rect><\/clipPath><\/defs><g id=\"Grupo_257\" data-name=\"Grupo 257\" transform=\"translate(0 0)\"><g id=\"Grupo_256\" data-name=\"Grupo 256\" transform=\"translate(0 0)\" clip-path=\"url(#clip-path)\"><path id=\"Trazado_182\" data-name=\"Trazado 182\" d=\"M28.457,5.641A5.647,5.647,0,0,1,22.815,0H21.067a7.345,7.345,0,0,0,2.671,5.641H0V7.39H23.739a7.35,7.35,0,0,0-2.671,5.641h1.748A5.649,5.649,0,0,1,28.457,7.39h.012V5.641Z\" transform=\"translate(0 -0.001)\" fill=\"#fff\"><\/path><\/g><\/g><\/svg>\t\t\t<\/span>\n\t\t\t\t\t\t\t\t\t<span class=\"elementor-button-text\">Inscriu-te<\/span>\n\t\t\t\t\t<\/span>\n\t\t\t\t\t<\/a>\n\t\t\t\t<\/div>\n\t\t\t\t\t\t\t\t<\/div>\n\t\t\t\t<\/div>\n\t\t\t\t<\/div>\n\t\t\t\t<\/div>\n\t\t\t\t<\/div>\n\t\t\t\t<\/div>\n\t\t\t\t\t<\/div>\n\t\t\t\t<\/div>\n\t\t\t\t<\/div>\n\t\t","protected":false},"excerpt":{"rendered":"<p>Webinars 7,5 Digital-IA Fest Una jornada formativa en l\u00ednia en directe per a explorar la intel\u00b7lig\u00e8ncia artificial des de la pr\u00e0ctica, la creativitat i la mirada cr\u00edtica&#8230; Inscriu-te<\/p>\n","protected":false},"author":1,"featured_media":0,"parent":0,"menu_order":0,"comment_status":"closed","ping_status":"closed","template":"","meta":{"_acf_changed":false,"footnotes":""},"class_list":["post-5301","page","type-page","status-publish","hentry"],"acf":[],"_links":{"self":[{"href":"https:\/\/digitalia.valgrai.eu\/val\/wp-json\/wp\/v2\/pages\/5301","targetHints":{"allow":["GET"]}}],"collection":[{"href":"https:\/\/digitalia.valgrai.eu\/val\/wp-json\/wp\/v2\/pages"}],"about":[{"href":"https:\/\/digitalia.valgrai.eu\/val\/wp-json\/wp\/v2\/types\/page"}],"author":[{"embeddable":true,"href":"https:\/\/digitalia.valgrai.eu\/val\/wp-json\/wp\/v2\/users\/1"}],"replies":[{"embeddable":true,"href":"https:\/\/digitalia.valgrai.eu\/val\/wp-json\/wp\/v2\/comments?post=5301"}],"version-history":[{"count":76,"href":"https:\/\/digitalia.valgrai.eu\/val\/wp-json\/wp\/v2\/pages\/5301\/revisions"}],"predecessor-version":[{"id":5396,"href":"https:\/\/digitalia.valgrai.eu\/val\/wp-json\/wp\/v2\/pages\/5301\/revisions\/5396"}],"wp:attachment":[{"href":"https:\/\/digitalia.valgrai.eu\/val\/wp-json\/wp\/v2\/media?parent=5301"}],"curies":[{"name":"wp","href":"https:\/\/api.w.org\/{rel}","templated":true}]}}